{"id":11,"date":"2023-08-28T15:14:52","date_gmt":"2023-08-28T21:14:52","guid":{"rendered":"https:\/\/civitas-mexico.com\/?page_id=11"},"modified":"2024-01-12T17:14:35","modified_gmt":"2024-01-12T23:14:35","slug":"about","status":"publish","type":"page","link":"https:\/\/civitas-mexico.com\/index.php\/about\/","title":{"rendered":"QUIEN SOMOS"},"content":{"rendered":"\n<figure class=\"wp-block-image alignleft is-resized is-style-rounded\"><img loading=\"lazy\" decoding=\"async\" width=\"1280\" height=\"753\" src=\"https:\/\/civitas-mexico.com\/wp-content\/uploads\/2023\/08\/238-Guadalupe.jpg\" alt=\"\" class=\"wp-image-38\" style=\"aspect-ratio:1.701086956521739;width:507px;height:auto\" srcset=\"https:\/\/civitas-mexico.com\/wp-content\/uploads\/2023\/08\/238-Guadalupe.jpg 1280w, https:\/\/civitas-mexico.com\/wp-content\/uploads\/2023\/08\/238-Guadalupe-300x176.jpg 300w, https:\/\/civitas-mexico.com\/wp-content\/uploads\/2023\/08\/238-Guadalupe-1024x602.jpg 1024w, https:\/\/civitas-mexico.com\/wp-content\/uploads\/2023\/08\/238-Guadalupe-768x452.jpg 768w\" sizes=\"auto, (max-width: 1280px) 100vw, 1280px\" \/><\/figure>\n\n\n\n<p>Herederos del <strong>esp\u00edritu cristero<\/strong>, formamos parte de la Federaci\u00f3n Civitas Internacional, fundada en 2023 por <strong>Alain Escada<\/strong>.<\/p>\n\n\n\n<p>Busquemos restablecer el reino social de Nuestro Se\u00f1or Jesucristo seg\u00fan la Carta Enc\u00edclica QUAS PRIMAS de Pio XI.  Con la belleza y la firmeza de la moral cristiana, lograremos desarrollar una cultura pro-vida, pro-familia, basada sobre las leyes naturales. Luchamos en contra del aborto, del movimiento \u00abwoke\u00bb, de la leyes absurdas del genero y queremos restaurar la familia tradicional y el orden cristiano. Rechazamos el nuevo orden mundial globalista y su intromisi\u00f3n en M\u00e9xico. M\u00e9xico es independiente y tiene el derecho de defender sus fronteras, su historia y sus verdaderos valores.<\/p>\n\n\n\n<p><strong>\u00a1VIVA CRISTO REY!<\/strong><\/p>\n\n\n\n<p><\/p>\n\n\n\n<p class=\"has-text-align-center has-large-font-size\"><a href=\"https:\/\/civitas-mexico.com\/index.php\/2024\/01\/12\/el-movimiento-civitas-su-historia\/\" data-type=\"link\" data-id=\"https:\/\/civitas-mexico.com\/index.php\/2024\/01\/12\/el-movimiento-civitas-su-historia\/\">El Movimiento Civitas : Su Historia<\/a><\/p>\n\n\n\n<p><\/p>\n\n\n\n<p>Contactarnos:<\/p>\n\n\n\n<div class=\"wp-block-columns is-layout-flex wp-container-core-columns-is-layout-28f84493 wp-block-columns-is-layout-flex\">\n<div class=\"wp-block-column is-layout-flow wp-block-column-is-layout-flow\" style=\"flex-basis:600px\">\n<figure class=\"wp-block-table\"><table style=\"border-style:none;border-width:0px\"><tbody><tr><td> <figure class=\"wp-block-image alignleft size-full is-resized\"><img loading=\"lazy\" decoding=\"async\" width=\"51\" height=\"51\" class=\"wp-image-363\" style=\"width: 51px;\" src=\"https:\/\/civitas-mexico.com\/wp-content\/uploads\/2024\/01\/free-email-2026367-1713640.webp\" alt=\"\" srcset=\"https:\/\/civitas-mexico.com\/wp-content\/uploads\/2024\/01\/free-email-2026367-1713640.webp 256w, https:\/\/civitas-mexico.com\/wp-content\/uploads\/2024\/01\/free-email-2026367-1713640-150x150.webp 150w, https:\/\/civitas-mexico.com\/wp-content\/uploads\/2024\/01\/free-email-2026367-1713640-45x45.webp 45w\" sizes=\"auto, (max-width: 51px) 100vw, 51px\" \/><\/figure> <\/td><td><a href=\"mailto:civitas.mexique@proton.me\" target=\"_blank\" rel=\"noreferrer noopener\"><strong>civitas.mexique@proton.me<\/strong><\/a><\/td><td><img decoding=\"async\" src=\"http:\/\/civitas-mexico.com\/wp-content\/uploads\/2024\/01\/fbicon.png\" alt=\"\" style=\"width: 25px;\"><\/td><td><a href=\"https:\/\/www.facebook.com\/profile.php?id=61554954610338\" target=\"_blank\" rel=\"noreferrer noopener nofollow\">Nuestro Facebook<\/a><\/td><\/tr><\/tbody><\/table><\/figure>\n<\/div>\n\n\n\n<div class=\"wp-block-column is-layout-flow wp-block-column-is-layout-flow\"><\/div>\n<\/div>\n","protected":false},"excerpt":{"rendered":"<p>Herederos del esp\u00edritu cristero, formamos parte de la Federaci\u00f3n Civitas Internacional, fundada en 2023 por Alain Escada. Busquemos restablecer el reino social de Nuestro Se\u00f1or [&hellip;]<\/p>\n","protected":false},"author":1,"featured_media":38,"parent":0,"menu_order":0,"comment_status":"closed","ping_status":"closed","template":"","meta":{"footnotes":""},"class_list":["post-11","page","type-page","status-publish","has-post-thumbnail","hentry"],"jetpack-related-posts":[],"jetpack_sharing_enabled":true,"jetpack_likes_enabled":true,"_links":{"self":[{"href":"https:\/\/civitas-mexico.com\/index.php\/wp-json\/wp\/v2\/pages\/11","targetHints":{"allow":["GET"]}}],"collection":[{"href":"https:\/\/civitas-mexico.com\/index.php\/wp-json\/wp\/v2\/pages"}],"about":[{"href":"https:\/\/civitas-mexico.com\/index.php\/wp-json\/wp\/v2\/types\/page"}],"author":[{"embeddable":true,"href":"https:\/\/civitas-mexico.com\/index.php\/wp-json\/wp\/v2\/users\/1"}],"replies":[{"embeddable":true,"href":"https:\/\/civitas-mexico.com\/index.php\/wp-json\/wp\/v2\/comments?post=11"}],"version-history":[{"count":8,"href":"https:\/\/civitas-mexico.com\/index.php\/wp-json\/wp\/v2\/pages\/11\/revisions"}],"predecessor-version":[{"id":556,"href":"https:\/\/civitas-mexico.com\/index.php\/wp-json\/wp\/v2\/pages\/11\/revisions\/556"}],"wp:featuredmedia":[{"embeddable":true,"href":"https:\/\/civitas-mexico.com\/index.php\/wp-json\/wp\/v2\/media\/38"}],"wp:attachment":[{"href":"https:\/\/civitas-mexico.com\/index.php\/wp-json\/wp\/v2\/media?parent=11"}],"curies":[{"name":"wp","href":"https:\/\/api.w.org\/{rel}","templated":true}]}}